{"id":18589,"date":"2020-09-16T10:42:49","date_gmt":"2020-09-16T07:42:49","guid":{"rendered":"https:\/\/new.milvus.ro\/?page_id=18589"},"modified":"2020-12-10T21:02:00","modified_gmt":"2020-12-10T19:02:00","slug":"european-ground-squirrel","status":"publish","type":"page","link":"https:\/\/milvus.ro\/en\/mammals\/european-ground-squirrel\/","title":{"rendered":"European Ground Squirrel"},"content":{"rendered":"\t\t<div data-elementor-type=\"wp-page\" data-elementor-id=\"18589\" class=\"elementor elementor-18589 elementor-13553\">\n\t\t\t\t\t\t<section class=\"elementor-section elementor-top-section elementor-element elementor-element-15b080ec elementor-section-boxed elementor-section-height-default elementor-section-height-default\" data-id=\"15b080ec\" data-element_type=\"section\">\n\t\t\t\t\t\t<div class=\"elementor-container elementor-column-gap-default\">\n\t\t\t\t\t<div class=\"elementor-column elementor-col-100 elementor-top-column elementor-element elementor-element-4024d903\" data-id=\"4024d903\" data-element_type=\"column\">\n\t\t\t<div class=\"elementor-widget-wrap elementor-element-populated\">\n\t\t\t\t\t\t<div class=\"elementor-element elementor-element-75ccf8e7 elementor-widget elementor-widget-text-editor\" data-id=\"75ccf8e7\" data-element_type=\"widget\" data-widget_type=\"text-editor.default\">\n\t\t\t\t<div class=\"elementor-widget-container\">\n\t\t\t\t\t\t\t<p><img fetchpriority=\"high\" decoding=\"async\" class=\"alignleft wp-image-13554\" src=\"http:\/\/milvus.ro\/wp-content\/uploads\/2020\/09\/IMG_8550-2-346x232-1.jpg\" alt=\"\" width=\"346\" height=\"232\" srcset=\"https:\/\/milvus.ro\/wp-content\/uploads\/2020\/09\/IMG_8550-2-346x232-1.jpg 346w, https:\/\/milvus.ro\/wp-content\/uploads\/2020\/09\/IMG_8550-2-346x232-1-300x201.jpg 300w\" sizes=\"(max-width: 346px) 100vw, 346px\" \/>The European Ground Squirrel (Spermophilus citellus), a rodent which has become endangered in most parts of its distribution area, has drawn our attention over a decade ago and has since become one of our most intensely studied species. As a typical mammal of the steppe, it prefers grasslands with short vegetation from the plain regions. The destruction of these habitats caused by ploughing up and infrastructure development, as well as their bad management practises put considerable pressure on the ground squirrel populations. Over the years, we carried out successfully the distribution mapping of this species within Romania by locating a substantial part of its existing habitats. Based on data collected from different regions of Romania, we have significantly increased the number of Natura 2000 protected areas designated for the conservation of the ground squirrel. Since 2011 , we have been regularly conducting ground squirrel monitoring and conservation activities in the western part of the country (the Pannonian Biogeographical Region), among other things, by relocating ground squirrels from some habitats facing threats. These activities played also a key role in our efforts to conserve the Saker Falcon (Falco cherrug). Such actions are continued also within the international project &#8220;Securing prey sources for endangered Falco cherrug and Aquila heliaca population in the Carpathian basin (RAPTORSPREYLIFE)&#8221;, co-financed by the LIFE+ program of the European Union. The important activities within this project include the introduction of new individuals for the revitalization of declining colonies, the genetic comparison of different colonies and the restoration of degraded grasslands by mowing, as well as various awareness-raising and educational activities. Over the past years, we have regularly collaborated with a group of researchers studying ground squirrels in Moldova, eastern Romania. We are constantly fighting against the illegal destruction of pastures and we also want to encourage farmers to ensure appropriate habitat management for this rodent by a proposed new agri-environmental scheme.<\/p>\n<p><!-- \/wp:paragraph -->\n\n<!-- wp:gallery {\"ids\":[13560,13557],\"linkTo\":\"media\",\"sizeSlug\":\"full\",\"align\":\"full\"} --><\/p>\n<figure class=\"wp-block-gallery alignfull columns-2 is-cropped\">\n<ul class=\"blocks-gallery-grid\">\n<li class=\"blocks-gallery-item\">\n<figure><a href=\"http:\/\/milvus.ro\/wp-content\/uploads\/2020\/09\/\u00c1ttelep\u00edt\u00e9shez-befogott-\u00fcrg\u00e9k-scaled.jpg\"><img decoding=\"async\" width=\"2560\" height=\"1707\" class=\"wp-image-13560\" src=\"http:\/\/milvus.ro\/wp-content\/uploads\/2020\/09\/\u00c1ttelep\u00edt\u00e9shez-befogott-\u00fcrg\u00e9k-scaled.jpg\" alt=\"\" data-id=\"13560\" data-full-url=\"http:\/\/milvus.ro\/wp-content\/uploads\/2020\/09\/\u00c1ttelep\u00edt\u00e9shez-befogott-\u00fcrg\u00e9k-scaled.jpg\" data-link=\"http:\/\/milvus.ro\/ro\/?attachment_id=13560\" srcset=\"https:\/\/milvus.ro\/wp-content\/uploads\/2020\/09\/\u00c1ttelep\u00edt\u00e9shez-befogott-\u00fcrg\u00e9k-scaled.jpg 2560w, https:\/\/milvus.ro\/wp-content\/uploads\/2020\/09\/\u00c1ttelep\u00edt\u00e9shez-befogott-\u00fcrg\u00e9k-scaled-600x400.jpg 600w, https:\/\/milvus.ro\/wp-content\/uploads\/2020\/09\/\u00c1ttelep\u00edt\u00e9shez-befogott-\u00fcrg\u00e9k-300x200.jpg 300w, https:\/\/milvus.ro\/wp-content\/uploads\/2020\/09\/\u00c1ttelep\u00edt\u00e9shez-befogott-\u00fcrg\u00e9k-1024x683.jpg 1024w, https:\/\/milvus.ro\/wp-content\/uploads\/2020\/09\/\u00c1ttelep\u00edt\u00e9shez-befogott-\u00fcrg\u00e9k-768x512.jpg 768w, https:\/\/milvus.ro\/wp-content\/uploads\/2020\/09\/\u00c1ttelep\u00edt\u00e9shez-befogott-\u00fcrg\u00e9k-1536x1024.jpg 1536w, https:\/\/milvus.ro\/wp-content\/uploads\/2020\/09\/\u00c1ttelep\u00edt\u00e9shez-befogott-\u00fcrg\u00e9k-2048x1365.jpg 2048w\" sizes=\"(max-width: 2560px) 100vw, 2560px\" \/><\/a><\/figure>\n<\/li>\n<li class=\"blocks-gallery-item\">\n<figure><a href=\"http:\/\/milvus.ro\/wp-content\/uploads\/2020\/09\/\u00c1ttelelp\u00edtett-\u00fcrge-a-v\u00e9d\u0151ker\u00edt\u00e9s-m\u00f6g\u00f6tt.jpg\"><img decoding=\"async\" width=\"1821\" height=\"1239\" class=\"wp-image-13557\" src=\"http:\/\/milvus.ro\/wp-content\/uploads\/2020\/09\/\u00c1ttelelp\u00edtett-\u00fcrge-a-v\u00e9d\u0151ker\u00edt\u00e9s-m\u00f6g\u00f6tt.jpg\" alt=\"\" data-id=\"13557\" data-full-url=\"http:\/\/milvus.ro\/wp-content\/uploads\/2020\/09\/\u00c1ttelelp\u00edtett-\u00fcrge-a-v\u00e9d\u0151ker\u00edt\u00e9s-m\u00f6g\u00f6tt.jpg\" data-link=\"http:\/\/milvus.ro\/ro\/?attachment_id=13557\" srcset=\"https:\/\/milvus.ro\/wp-content\/uploads\/2020\/09\/\u00c1ttelelp\u00edtett-\u00fcrge-a-v\u00e9d\u0151ker\u00edt\u00e9s-m\u00f6g\u00f6tt.jpg 1821w, https:\/\/milvus.ro\/wp-content\/uploads\/2020\/09\/\u00c1ttelelp\u00edtett-\u00fcrge-a-v\u00e9d\u0151ker\u00edt\u00e9s-m\u00f6g\u00f6tt-600x408.jpg 600w, https:\/\/milvus.ro\/wp-content\/uploads\/2020\/09\/\u00c1ttelelp\u00edtett-\u00fcrge-a-v\u00e9d\u0151ker\u00edt\u00e9s-m\u00f6g\u00f6tt-300x204.jpg 300w, https:\/\/milvus.ro\/wp-content\/uploads\/2020\/09\/\u00c1ttelelp\u00edtett-\u00fcrge-a-v\u00e9d\u0151ker\u00edt\u00e9s-m\u00f6g\u00f6tt-1024x697.jpg 1024w, https:\/\/milvus.ro\/wp-content\/uploads\/2020\/09\/\u00c1ttelelp\u00edtett-\u00fcrge-a-v\u00e9d\u0151ker\u00edt\u00e9s-m\u00f6g\u00f6tt-768x523.jpg 768w, https:\/\/milvus.ro\/wp-content\/uploads\/2020\/09\/\u00c1ttelelp\u00edtett-\u00fcrge-a-v\u00e9d\u0151ker\u00edt\u00e9s-m\u00f6g\u00f6tt-1536x1045.jpg 1536w\" sizes=\"(max-width: 1821px) 100vw, 1821px\" \/><\/a><\/figure>\n<\/li>\n<\/ul>\n<\/figure>\n<p><!-- \/wp:gallery -->\n\n<!-- wp:heading {\"level\":4} --><\/p>\n<h4>Publications:<\/h4>\n<p><!-- \/wp:heading -->\n\n<!-- wp:paragraph --><\/p>\n<p>Kecsk\u00e9s A., Hegyeli Zs., Latkov\u00e1 H., Sos T., Nagy A. A., Domokos Cs., Acz\u00e9l-Fridrich Zs., Mezey Zs., Sug\u00e1r Sz., Papp T. 2012. Eml\u0151sfajok v\u00e9delme a Natura 2000 h\u00e1l\u00f3zat seg\u00edts\u00e9g\u00e9vel Rom\u00e1ni\u00e1ban. Babe\u0219-Bolyai Tudom\u00e1nyegyetem, Biol\u00f3gia \u00e9s Geol\u00f3gia Kar \u2013 Ap\u00e1thy Istv\u00e1n Egyes\u00fclet. 13. Kolozsv\u00e1ri Biol\u00f3gus Napok. Kolozsv\u00e1r, 2012 m\u00e1rcius 30-31.<\/p>\n<p><!-- \/wp:paragraph -->\n\n<!-- wp:paragraph --><\/p>\n<p>Hegyeli Zs., Nagy A., Dar\u00f3czi J. Sz., Kecsk\u00e9s A., Latkov\u00e1 H. 2012. Current distribution and status of the European ground squirrel in Romania. IV European Ground Squirrel Meeting, 5-7 September 2012, Kamie\u0144 \u015al\u0105ski, Poland.<\/p>\n<p><!-- \/wp:paragraph -->\n\n<!-- wp:paragraph --><\/p>\n<p>Hegyeli, Zs., B\u00f3n\u00e9, G., F\u00fcl\u00f6p, T., Nagy, A. 2014. Vulnerability of European ground squirrel colonies in the Pannonian region of Romania. 5th European Ground Squirrel Meeting, Perspectives on an endangered species. Rust, Austria, 02-05 October 2014.<\/p>\n<p><!-- \/wp:paragraph -->\n\n<!-- wp:paragraph --><\/p>\n<p>Petr\u00e1ss, I. A., Hegyeli, Zs. 2013. Studiu de evaluare a impactului repatrierii Spermophilus citellus. Activitatea C3 LIFE09 NAT\/HU\/000384. Raport, 27 pp.<\/p>\n<p><!-- \/wp:paragraph -->\n\n<!-- wp:paragraph --><\/p>\n<p>F\u00fcl\u00f6p, T., Hegyeli, Zs. 2016. Pest control companies as threats to European ground squirrel (Spermophilus citellus) and common hamster (Cricetus cricetus) populations in Romania. 6th European Ground Squirrel Meeting. Belgrade, Serbia, 4\u20136 November 2016.<\/p>\n<p><!-- \/wp:paragraph -->\n\n<!-- wp:paragraph --><\/p>\n<p>Baltag, E. \u0218., F\u00fcl\u00f6p, T., Zaharia, G., Petrencu, L., Hegyeli, Zs. 2016. Distribution modeling of European Ground Squirrel (Spermophilus citellus) population from Romania. 6th European Ground Squirrel Meeting. Belgrade, Serbia, 4\u20136 November 2016.<\/p>\n<!-- \/wp:paragraph -->\n<p>&nbsp;<\/p>\n<!-- \/wp:media-text -->\t\t\t\t\t\t<\/div>\n\t\t\t\t<\/div>\n\t\t\t\t\t<\/div>\n\t\t<\/div>\n\t\t\t\t\t<\/div>\n\t\t<\/section>\n\t\t\t\t<\/div>\n\t\t","protected":false},"excerpt":{"rendered":"The European Ground Squirrel (Spermophilus citellus), a rodent which has become endangered in most parts of its distribution area, has drawn our attention over a decade ago and has since become one of our most intensely studied species. As a typical mammal of the steppe, it prefers grasslands with short vegetation from the plain regions. [&hellip;]","protected":false},"author":3,"featured_media":994,"parent":18471,"menu_order":0,"comment_status":"closed","ping_status":"closed","template":"","meta":{"_acf_changed":false,"_eb_attr":"","ocean_post_layout":"","ocean_both_sidebars_style":"","ocean_both_sidebars_content_width":0,"ocean_both_sidebars_sidebars_width":0,"ocean_sidebar":"0","ocean_second_sidebar":"0","ocean_disable_margins":"enable","ocean_add_body_class":"","ocean_shortcode_before_top_bar":"","ocean_shortcode_after_top_bar":"","ocean_shortcode_before_header":"","ocean_shortcode_after_header":"[oceanwp_library id=\"18273\"]","ocean_has_shortcode":"","ocean_shortcode_after_title":"","ocean_shortcode_before_footer_widgets":"","ocean_shortcode_after_footer_widgets":"","ocean_shortcode_before_footer_bottom":"","ocean_shortcode_after_footer_bottom":"","ocean_display_top_bar":"default","ocean_display_header":"default","ocean_header_style":"","ocean_center_header_left_menu":"0","ocean_custom_header_template":"0","ocean_custom_logo":0,"ocean_custom_retina_logo":0,"ocean_custom_logo_max_width":0,"ocean_custom_logo_tablet_max_width":0,"ocean_custom_logo_mobile_max_width":0,"ocean_custom_logo_max_height":0,"ocean_custom_logo_tablet_max_height":0,"ocean_custom_logo_mobile_max_height":0,"ocean_header_custom_menu":"0","ocean_menu_typo_font_family":"0","ocean_menu_typo_font_subset":"","ocean_menu_typo_font_size":0,"ocean_menu_typo_font_size_tablet":0,"ocean_menu_typo_font_size_mobile":0,"ocean_menu_typo_font_size_unit":"px","ocean_menu_typo_font_weight":"","ocean_menu_typo_font_weight_tablet":"","ocean_menu_typo_font_weight_mobile":"","ocean_menu_typo_transform":"","ocean_menu_typo_transform_tablet":"","ocean_menu_typo_transform_mobile":"","ocean_menu_typo_line_height":0,"ocean_menu_typo_line_height_tablet":0,"ocean_menu_typo_line_height_mobile":0,"ocean_menu_typo_line_height_unit":"","ocean_menu_typo_spacing":0,"ocean_menu_typo_spacing_tablet":0,"ocean_menu_typo_spacing_mobile":0,"ocean_menu_typo_spacing_unit":"","ocean_menu_link_color":"","ocean_menu_link_color_hover":"","ocean_menu_link_color_active":"","ocean_menu_link_background":"","ocean_menu_link_hover_background":"","ocean_menu_link_active_background":"","ocean_menu_social_links_bg":"","ocean_menu_social_hover_links_bg":"","ocean_menu_social_links_color":"","ocean_menu_social_hover_links_color":"","ocean_disable_title":"default","ocean_disable_heading":"default","ocean_post_title":"","ocean_post_subheading":"","ocean_post_title_style":"background-image","ocean_post_title_background_color":"","ocean_post_title_background":15216,"ocean_post_title_bg_image_position":"center center","ocean_post_title_bg_image_attachment":"","ocean_post_title_bg_image_repeat":"no-repeat","ocean_post_title_bg_image_size":"","ocean_post_title_height":0,"ocean_post_title_bg_overlay":0.2,"ocean_post_title_bg_overlay_color":"","ocean_disable_breadcrumbs":"default","ocean_breadcrumbs_color":"","ocean_breadcrumbs_separator_color":"","ocean_breadcrumbs_links_color":"","ocean_breadcrumbs_links_hover_color":"","ocean_display_footer_widgets":"default","ocean_display_footer_bottom":"default","ocean_custom_footer_template":"0","omw_enable_modal_window":"enable","osh_disable_topbar_sticky":"default","osh_disable_header_sticky":"default","osh_sticky_header_style":"default","osh_sticky_header_effect":"","osh_custom_sticky_logo":0,"osh_custom_retina_sticky_logo":0,"osh_custom_sticky_logo_height":0,"osh_background_color":"","osh_links_color":"","osh_links_hover_color":"","osh_links_active_color":"","osh_links_bg_color":"","osh_links_hover_bg_color":"","osh_links_active_bg_color":"","osh_menu_social_links_color":"","osh_menu_social_hover_links_color":"","footnotes":""},"class_list":["post-18589","page","type-page","status-publish","has-post-thumbnail","hentry","entry","has-media","owp-thumbs-layout-horizontal","owp-btn-normal","owp-tabs-layout-horizontal","has-no-thumbnails","has-product-nav"],"acf":[],"_links":{"self":[{"href":"https:\/\/milvus.ro\/en\/wp-json\/wp\/v2\/pages\/18589","targetHints":{"allow":["GET"]}}],"collection":[{"href":"https:\/\/milvus.ro\/en\/wp-json\/wp\/v2\/pages"}],"about":[{"href":"https:\/\/milvus.ro\/en\/wp-json\/wp\/v2\/types\/page"}],"author":[{"embeddable":true,"href":"https:\/\/milvus.ro\/en\/wp-json\/wp\/v2\/users\/3"}],"replies":[{"embeddable":true,"href":"https:\/\/milvus.ro\/en\/wp-json\/wp\/v2\/comments?post=18589"}],"version-history":[{"count":6,"href":"https:\/\/milvus.ro\/en\/wp-json\/wp\/v2\/pages\/18589\/revisions"}],"predecessor-version":[{"id":18699,"href":"https:\/\/milvus.ro\/en\/wp-json\/wp\/v2\/pages\/18589\/revisions\/18699"}],"up":[{"embeddable":true,"href":"https:\/\/milvus.ro\/en\/wp-json\/wp\/v2\/pages\/18471"}],"wp:featuredmedia":[{"embeddable":true,"href":"https:\/\/milvus.ro\/en\/wp-json\/wp\/v2\/media\/994"}],"wp:attachment":[{"href":"https:\/\/milvus.ro\/en\/wp-json\/wp\/v2\/media?parent=18589"}],"curies":[{"name":"wp","href":"https:\/\/api.w.org\/{rel}","templated":true}]}}