{"id":17663,"date":"2020-11-17T21:54:27","date_gmt":"2020-11-17T19:54:27","guid":{"rendered":"https:\/\/new.milvus.ro\/studiul-migratiei-a-pasarilor-rapitoare\/autumn-raptor-migration-study-in-dobrogea-2010-2011\/"},"modified":"2020-11-30T13:12:47","modified_gmt":"2020-11-30T11:12:47","slug":"romana-studiul-migratiei-de-toamna-a-pasarilor-rapitoare-din-dobrogea-20102011","status":"publish","type":"page","link":"https:\/\/milvus.ro\/en\/monitoring\/studiul-migratiei-a-pasarilor-rapitoare\/romana-studiul-migratiei-de-toamna-a-pasarilor-rapitoare-din-dobrogea-20102011\/","title":{"rendered":"Autumn raptor migration study in Dobrogea \u2013 2010, 2011"},"content":{"rendered":"<p>The study of migrating birds has always been among the primer activities of Milvus Group. In the past years we organised several camps with the aim of indentifying the migration period of different raptor species. In this consideration the&nbsp;camps organized in M\u0103cin Mountains, during 2002-2007, were the most important.<\/p><p>Last year (2010) we proposed a new objective: to indentify the migration routes of raptors in Dobrogea. These new information will help us understand the possible negative effects of existing and planned wind farms on migrating raptors.<\/p><figure class=\"wp-block-gallery alignfull columns-3 is-cropped wp-block-gallery-1 is-layout-flex wp-block-gallery-is-layout-flex\"><ul class=\"blocks-gallery-grid\"><li class=\"blocks-gallery-item\"><figure><a href=\"https:\/\/milvus.ro\/wp-content\/uploads\/2020\/10\/lipnita4-scaled.jpg\"><img fetchpriority=\"high\" decoding=\"async\" width=\"2560\" height=\"1920\" src=\"https:\/\/milvus.ro\/wp-content\/uploads\/2020\/10\/lipnita4-scaled.jpg\" alt=\"\" data-id=\"17217\" data-full-url=\"https:\/\/milvus.ro\/wp-content\/uploads\/2020\/10\/lipnita4-scaled.jpg\" data-link=\"https:\/\/milvus.ro\/?attachment_id=17217\" class=\"wp-image-17217\" srcset=\"https:\/\/milvus.ro\/wp-content\/uploads\/2020\/10\/lipnita4-scaled.jpg 2560w, https:\/\/milvus.ro\/wp-content\/uploads\/2020\/10\/lipnita4-scaled-600x450.jpg 600w, https:\/\/milvus.ro\/wp-content\/uploads\/2020\/10\/lipnita4-300x225.jpg 300w, https:\/\/milvus.ro\/wp-content\/uploads\/2020\/10\/lipnita4-1024x768.jpg 1024w, https:\/\/milvus.ro\/wp-content\/uploads\/2020\/10\/lipnita4-768x576.jpg 768w, https:\/\/milvus.ro\/wp-content\/uploads\/2020\/10\/lipnita4-1536x1152.jpg 1536w, https:\/\/milvus.ro\/wp-content\/uploads\/2020\/10\/lipnita4-2048x1536.jpg 2048w\" sizes=\"(max-width: 2560px) 100vw, 2560px\" \/><\/a><\/figure><\/li><li class=\"blocks-gallery-item\"><figure><a href=\"https:\/\/milvus.ro\/wp-content\/uploads\/2020\/10\/dscf3926-scaled.jpg\"><img decoding=\"async\" width=\"2560\" height=\"1920\" src=\"https:\/\/milvus.ro\/wp-content\/uploads\/2020\/10\/dscf3926-scaled.jpg\" alt=\"\" data-id=\"17220\" data-full-url=\"https:\/\/milvus.ro\/wp-content\/uploads\/2020\/10\/dscf3926-scaled.jpg\" data-link=\"https:\/\/milvus.ro\/?attachment_id=17220\" class=\"wp-image-17220\" srcset=\"https:\/\/milvus.ro\/wp-content\/uploads\/2020\/10\/dscf3926-scaled.jpg 2560w, https:\/\/milvus.ro\/wp-content\/uploads\/2020\/10\/dscf3926-scaled-600x450.jpg 600w, https:\/\/milvus.ro\/wp-content\/uploads\/2020\/10\/dscf3926-300x225.jpg 300w, https:\/\/milvus.ro\/wp-content\/uploads\/2020\/10\/dscf3926-1024x768.jpg 1024w, https:\/\/milvus.ro\/wp-content\/uploads\/2020\/10\/dscf3926-768x576.jpg 768w, https:\/\/milvus.ro\/wp-content\/uploads\/2020\/10\/dscf3926-1536x1152.jpg 1536w, https:\/\/milvus.ro\/wp-content\/uploads\/2020\/10\/dscf3926-2048x1536.jpg 2048w\" sizes=\"(max-width: 2560px) 100vw, 2560px\" \/><\/a><\/figure><\/li><li class=\"blocks-gallery-item\"><figure><a href=\"https:\/\/milvus.ro\/wp-content\/uploads\/2020\/10\/dscf3895-scaled.jpg\"><img decoding=\"async\" width=\"2560\" height=\"1920\" src=\"https:\/\/milvus.ro\/wp-content\/uploads\/2020\/10\/dscf3895-scaled.jpg\" alt=\"\" data-id=\"17214\" data-full-url=\"https:\/\/milvus.ro\/wp-content\/uploads\/2020\/10\/dscf3895-scaled.jpg\" data-link=\"https:\/\/milvus.ro\/?attachment_id=17214\" class=\"wp-image-17214\" srcset=\"https:\/\/milvus.ro\/wp-content\/uploads\/2020\/10\/dscf3895-scaled.jpg 2560w, https:\/\/milvus.ro\/wp-content\/uploads\/2020\/10\/dscf3895-scaled-600x450.jpg 600w, https:\/\/milvus.ro\/wp-content\/uploads\/2020\/10\/dscf3895-300x225.jpg 300w, https:\/\/milvus.ro\/wp-content\/uploads\/2020\/10\/dscf3895-1024x768.jpg 1024w, https:\/\/milvus.ro\/wp-content\/uploads\/2020\/10\/dscf3895-768x576.jpg 768w, https:\/\/milvus.ro\/wp-content\/uploads\/2020\/10\/dscf3895-1536x1152.jpg 1536w, https:\/\/milvus.ro\/wp-content\/uploads\/2020\/10\/dscf3895-2048x1536.jpg 2048w\" sizes=\"(max-width: 2560px) 100vw, 2560px\" \/><\/a><\/figure><\/li><\/ul><\/figure><p>In the first year (<strong>2010<\/strong>) we were able to make observations only in the northern part of Dobrogea, in the following 15 observation points:&nbsp;<strong><em>M\u0103cin Mountains \u2013 Pricopan Peak, Rachelu, Niculi\u021bel, Peceneaga, Praporgescu, Consul, Denistepe, Agighiol, Be\u0219tepe, H\u00e2r\u0219ova, Rahmanu, Vasile Alecsandri, Caugagia, Enisala&nbsp;<\/em>and<em>&nbsp;Allah Bair<\/em>.<\/strong>&nbsp;The observations in 2010 were made between 20and 30 September.<\/p><p><p align=\"left\">In\u00a0<strong>2011<\/strong>\u00a0we made observations in the southern part of Dobrogea. The observations were made simultaneously in 13 observation points during between 19September and 1 October:\u00a0<strong><em>Capidava, Allah Bair, Pantelimon, Dobrogea Gorge, Gura Dobrogei, Ostrov, Bugeac, Lipni\u021ba, Ion Corvin, \u0218ipotele, Negre\u0219ti, Amzacea\u00a0<\/em>and<em>\u00a0Techirghiol.<\/em><\/strong><\/p><\/p><p>The period of the studies was chosen in such a way to overlap with the main migration period of one of our key species in raptor conservation, the Lesser Spotted Eagle.<\/p><p>The observations were made every day between 9.00 AM and 6.00 PM, and weather conditions were noted every hour. In case of fog or rain observations were cancelled.<\/p><p>Besides the raptor species other large migrating bird species were noted down as well: White Stork (<em>Ciconia ciconia<\/em>), Black Stork (<em>Ciconia nigra<\/em>), White Pelican (<em>Pelecanus onocrotalus<\/em>), Dalmatian Pelican (<em>Pelecanus crispus<\/em>), geese, cormorants.<\/p><p>In addition to the species listed in the tables below, birds considered rarities for the country were also observed. In 2011 two individuals of&nbsp; Eleonora`s Falcon (<em>Falco eleonorae<\/em>) were observed at Amzacea and Bugeac observation points, one Pallid Swift (<em>Apus pallida<\/em>) at Amzacea, one Buff-breasted Sandpiper (<em>Tryngites subruficollis<\/em>) at Techirghiol, which was observed for the first time in the country and one Eurasian Dotterel (<em>Charadrius morinellus<\/em>) at Gura Dobrogei.<\/p><p>All these data collected during the camps are very important in the conservation of migrating birds and the habitats they use during migration. We would like to thank those who helped us organize these camps:<\/p><p>Acz\u00e9l-Fridrich Zsuzsanna, Alfano Niccol\u00f2, B\u0103rbos L\u0151rincz, Bartos Be\u00e1ta, Benk\u0151 Zolt\u00e1n, Berchi Marius, B\u00f6ndi Erzs\u00e9bet, B\u00f6ndi L\u00e1szl\u00f3, B\u00f3n\u00e9 G\u00e1bor, Ciulpan Corina, Csisz\u00e9r Kinga Orsolya, Dar\u00f3czi J. Szil\u00e1rd, Dehelean Bogdan, Dehelean Luca, D\u00f3sa Attila, F\u00fcl\u00f6p Attila, G\u00e1bos Ede, Gy\u00e9k\u00e9ny Gertr\u00fad, Hegyeli Zsolt, Ilinoiu Adrian, Incze Anna, Kastal \u00c1gnes, Delille Katrien, Kecsk\u00e9s Attila, Kiss Istv\u00e1n, Kiss R\u00e9ka Be\u00e1ta, Kom\u00e1romi Istv\u00e1n S\u00e1ndor, Kov\u00e1cs Istv\u00e1n, Latkov\u00e1 Hana, Liviu P\u00e2r\u00e2u, Marta Peris-Cabr\u00e9, Marton Attila, M\u00e1th\u00e9 Orsolya, Mezey Zs\u00f3fia, Miholcsa Tam\u00e1s, Molnar Paul, Nagy Andr\u00e1s Attila, Nagy Attila, \u00d6lvedi Szil\u00e1rd Zsolt, Osv\u00e1th Gergely, Papp Tam\u00e1s, P\u00e2rvulescu Emanuel, Patk\u00f3 Erika, P\u00e9ter Zsolt, S\u00e1ndor K. Attila, Sandu Andreea, Sikl\u00f3di Attila, Sos Tibor, Sug\u00e1r Szil\u00e1rd, Szab\u00f3 D. Zolt\u00e1n, T\u00e1ncos Mih\u00e1ly, Van Des Trate Nicolas, Zeitz R\u00f3bert.<\/p><p><p align=\"left\"><strong>Results:<\/strong><\/p><\/p><p><p align=\"left\"><strong>Table 1.\u00a0<\/strong><em>Total migrating raptors observed in Dobrogea, 2010-2011<\/em><\/p><\/p><div class=\"wp-block-image\"><figure class=\"aligncenter\"><a href=\"https:\/\/milvus.ro\/romana-studiul-migratiei-de-toamna-a-pasarilor-rapitoare-din-dobrogea-20102011\/tabl01\"><img loading=\"lazy\" decoding=\"async\" width=\"575\" height=\"375\" src=\"https:\/\/milvus.ro\/wp-content\/uploads\/2011\/11\/tabl01.jpg\" alt=\"\" class=\"wp-image-2222\" title=\"tabl01\" srcset=\"https:\/\/milvus.ro\/wp-content\/uploads\/2011\/11\/tabl01.jpg 575w, https:\/\/milvus.ro\/wp-content\/uploads\/2011\/11\/tabl01-300x196.jpg 300w\" sizes=\"(max-width: 575px) 100vw, 575px\" \/><\/a><\/figure><\/div><p><p align=\"left\"><strong><em>Table 2:<\/em><\/strong><em>\u00a0<\/em><em>Total number of migrating birds on all observation points in Dobrogea, 2010-2011<\/em><\/p><\/p><div class=\"wp-block-image\"><figure class=\"aligncenter\"><a href=\"https:\/\/milvus.ro\/romana-studiul-migratiei-de-toamna-a-pasarilor-rapitoare-din-dobrogea-20102011\/tabl1\"><img decoding=\"async\" src=\"https:\/\/milvus.ro\/wp-content\/uploads\/2011\/11\/tabl1.jpg\" alt=\"\" class=\"wp-image-2231\" title=\"tabl1\"\/><\/a><\/figure><\/div><p><p align=\"left\"><strong><em>Table 3:<\/em><\/strong><em>\u00a0<\/em><em>Total number of migrating species (other than raptors) in Dobrogea, 2010-2011<\/em><\/p>&#13;\n&#13;\n<div class=\"sharedaddy sd-sharing-enabled\"><\/div><\/p><div class=\"wp-block-image\"><figure class=\"aligncenter\"><a href=\"https:\/\/milvus.ro\/romana-studiul-migratiei-de-toamna-a-pasarilor-rapitoare-din-dobrogea-20102011\/tabl2-2\"><img loading=\"lazy\" decoding=\"async\" width=\"741\" height=\"473\" src=\"https:\/\/milvus.ro\/wp-content\/uploads\/2011\/11\/tabl21.jpg\" alt=\"\" class=\"wp-image-2233\" title=\"tabl2\" srcset=\"https:\/\/milvus.ro\/wp-content\/uploads\/2011\/11\/tabl21.jpg 741w, https:\/\/milvus.ro\/wp-content\/uploads\/2011\/11\/tabl21-600x383.jpg 600w, https:\/\/milvus.ro\/wp-content\/uploads\/2011\/11\/tabl21-300x191.jpg 300w\" sizes=\"(max-width: 741px) 100vw, 741px\" \/><\/a><\/figure><\/div>","protected":false},"excerpt":{"rendered":"The study of migrating birds has always been among the primer activities of Milvus Group. In the past years we organised several camps with the aim of indentifying the migration period of different raptor species. In this consideration the&nbsp;camps organized in M\u0103cin Mountains, during 2002-2007, were the most important.Last year (2010) we proposed a new [&hellip;]","protected":false},"author":2,"featured_media":0,"parent":17661,"menu_order":0,"comment_status":"closed","ping_status":"closed","template":"","meta":{"_acf_changed":false,"_eb_attr":"","ocean_post_layout":"left-sidebar","ocean_both_sidebars_style":"","ocean_both_sidebars_content_width":0,"ocean_both_sidebars_sidebars_width":0,"ocean_sidebar":"ocs-monitoring-menu","ocean_second_sidebar":"0","ocean_disable_margins":"enable","ocean_add_body_class":"","ocean_shortcode_before_top_bar":"","ocean_shortcode_after_top_bar":"","ocean_shortcode_before_header":"","ocean_shortcode_after_header":"","ocean_has_shortcode":"","ocean_shortcode_after_title":"","ocean_shortcode_before_footer_widgets":"","ocean_shortcode_after_footer_widgets":"","ocean_shortcode_before_footer_bottom":"","ocean_shortcode_after_footer_bottom":"","ocean_display_top_bar":"default","ocean_display_header":"default","ocean_header_style":"","ocean_center_header_left_menu":"0","ocean_custom_header_template":"0","ocean_custom_logo":0,"ocean_custom_retina_logo":0,"ocean_custom_logo_max_width":0,"ocean_custom_logo_tablet_max_width":0,"ocean_custom_logo_mobile_max_width":0,"ocean_custom_logo_max_height":0,"ocean_custom_logo_tablet_max_height":0,"ocean_custom_logo_mobile_max_height":0,"ocean_header_custom_menu":"0","ocean_menu_typo_font_family":"0","ocean_menu_typo_font_subset":"","ocean_menu_typo_font_size":0,"ocean_menu_typo_font_size_tablet":0,"ocean_menu_typo_font_size_mobile":0,"ocean_menu_typo_font_size_unit":"px","ocean_menu_typo_font_weight":"","ocean_menu_typo_font_weight_tablet":"","ocean_menu_typo_font_weight_mobile":"","ocean_menu_typo_transform":"","ocean_menu_typo_transform_tablet":"","ocean_menu_typo_transform_mobile":"","ocean_menu_typo_line_height":0,"ocean_menu_typo_line_height_tablet":0,"ocean_menu_typo_line_height_mobile":0,"ocean_menu_typo_line_height_unit":"","ocean_menu_typo_spacing":0,"ocean_menu_typo_spacing_tablet":0,"ocean_menu_typo_spacing_mobile":0,"ocean_menu_typo_spacing_unit":"","ocean_menu_link_color":"","ocean_menu_link_color_hover":"","ocean_menu_link_color_active":"","ocean_menu_link_background":"","ocean_menu_link_hover_background":"","ocean_menu_link_active_background":"","ocean_menu_social_links_bg":"","ocean_menu_social_hover_links_bg":"","ocean_menu_social_links_color":"","ocean_menu_social_hover_links_color":"","ocean_disable_title":"default","ocean_disable_heading":"default","ocean_post_title":"","ocean_post_subheading":"","ocean_post_title_style":"","ocean_post_title_background_color":"","ocean_post_title_background":0,"ocean_post_title_bg_image_position":"","ocean_post_title_bg_image_attachment":"","ocean_post_title_bg_image_repeat":"","ocean_post_title_bg_image_size":"","ocean_post_title_height":0,"ocean_post_title_bg_overlay":0.5,"ocean_post_title_bg_overlay_color":"","ocean_disable_breadcrumbs":"default","ocean_breadcrumbs_color":"","ocean_breadcrumbs_separator_color":"","ocean_breadcrumbs_links_color":"","ocean_breadcrumbs_links_hover_color":"","ocean_display_footer_widgets":"default","ocean_display_footer_bottom":"default","ocean_custom_footer_template":"0","omw_enable_modal_window":"enable","osh_disable_topbar_sticky":"default","osh_disable_header_sticky":"default","osh_sticky_header_style":"default","osh_sticky_header_effect":"","osh_custom_sticky_logo":0,"osh_custom_retina_sticky_logo":0,"osh_custom_sticky_logo_height":0,"osh_background_color":"","osh_links_color":"","osh_links_hover_color":"","osh_links_active_color":"","osh_links_bg_color":"","osh_links_hover_bg_color":"","osh_links_active_bg_color":"","osh_menu_social_links_color":"","osh_menu_social_hover_links_color":"","footnotes":""},"class_list":["post-17663","page","type-page","status-publish","hentry","entry","owp-thumbs-layout-horizontal","owp-btn-normal","owp-tabs-layout-horizontal","has-no-thumbnails","has-product-nav"],"acf":[],"_links":{"self":[{"href":"https:\/\/milvus.ro\/en\/wp-json\/wp\/v2\/pages\/17663","targetHints":{"allow":["GET"]}}],"collection":[{"href":"https:\/\/milvus.ro\/en\/wp-json\/wp\/v2\/pages"}],"about":[{"href":"https:\/\/milvus.ro\/en\/wp-json\/wp\/v2\/types\/page"}],"author":[{"embeddable":true,"href":"https:\/\/milvus.ro\/en\/wp-json\/wp\/v2\/users\/2"}],"replies":[{"embeddable":true,"href":"https:\/\/milvus.ro\/en\/wp-json\/wp\/v2\/comments?post=17663"}],"version-history":[{"count":2,"href":"https:\/\/milvus.ro\/en\/wp-json\/wp\/v2\/pages\/17663\/revisions"}],"predecessor-version":[{"id":18155,"href":"https:\/\/milvus.ro\/en\/wp-json\/wp\/v2\/pages\/17663\/revisions\/18155"}],"up":[{"embeddable":true,"href":"https:\/\/milvus.ro\/en\/wp-json\/wp\/v2\/pages\/17661"}],"wp:attachment":[{"href":"https:\/\/milvus.ro\/en\/wp-json\/wp\/v2\/media?parent=17663"}],"curies":[{"name":"wp","href":"https:\/\/api.w.org\/{rel}","templated":true}]}}