{"id":17606,"date":"2020-07-17T09:00:36","date_gmt":"2020-07-17T06:00:36","guid":{"rendered":"https:\/\/new.milvus.ro\/?page_id=17606"},"modified":"2022-01-07T17:05:38","modified_gmt":"2022-01-07T15:05:38","slug":"bursa-milvus","status":"publish","type":"page","link":"https:\/\/milvus.ro\/en\/bursa-milvus\/","title":{"rendered":"Milvus Scholarship"},"content":{"rendered":"<p>\u201cMilvus Group\u201d Association for Bird Protection and Nature Conservation has been running the Milvus Scholarship Programme for high school, undergraduate and postgraduate students in the field of ecology and\/or nature conservation. The main aim of the programme is to support young professionals in developing individual research or assessment projects in Romania. These projects should be original, innovative and must target the main fields of activity of Milvus Group (conservation of endangered species of plants and animals, protected areas and Natura 2000 areas, monitoring).<br>For additional information, please contact us at the e-mail: office(at)milvus.ro.<\/p><p><strong><a href=\"https:\/\/milvus.ro\/sustinem-tinerele-talente-si-in-2021\/\">Winner projects in 2021<\/a><\/strong><\/p><ul class=\"wp-block-list\"><li><strong>Er\u0151s N\u00e1ndor<\/strong>&nbsp;(Universitatea Babe\u0219-Bolyai): Identificarea \u0219i studierea factorilor care determin\u0103 distribu\u021bia broa\u0219tei de mla\u0219tin\u0103 (<em>Rana arvalis<\/em>)<\/li><li><strong>Dinu Andrei<\/strong>&nbsp;(Universitatea Bucure\u0219ti): Monitorizarea coloniilor de p\u0103s\u0103ri ihtiofage din Situl de Cercet\u0103ri Socio\u2013Ecologice de Lung\u0103 Durat\u0103 Insulele Br\u0103ilei<\/li><\/ul><p><a href=\"https:\/\/milvus.ro\/beneficiarii-bursei-milvus-din-2020\/\"><strong>Winner projects in 2020<\/strong><\/a><\/p><ul class=\"wp-block-list\"><li><strong>Er\u0151s N\u00e1ndor<\/strong>&nbsp;(Universitatea Babe\u0219-Bolyai): Identificarea \u0219i studierea factorilor care determin\u0103 distribu\u021bia broa\u0219tei de mla\u0219tin\u0103 (<em>Rana arvalis<\/em>)<\/li><li><strong>Dinu Andrei<\/strong>&nbsp;(Universitatea Bucure\u0219ti): Monitorizarea coloniilor de p\u0103s\u0103ri ihtiofage din Situl de Cercet\u0103ri Socio\u2013Ecologice de Lung\u0103 Durat\u0103 Insulele Br\u0103ilei<\/li><\/ul><p><a href=\"https:\/\/milvus.ro\/bursieri-milvus\/\"><strong>Winner projects in 2019<\/strong><\/a><\/p><ul class=\"wp-block-list\"><li>Bir\u0103u Alexandru \u2013 Studiul diversit\u0103\u021bii avifaunei din Aria de Protec\u021bie Special\u0103 Avinfaunistic\u0103 ROSPA0074 Maglavit \u2013 bioindicator al gradului de cosnervare al zonelor umede \u00een conformitate<\/li><li>Simon Brigitta Ildik\u00f3 \u2013&nbsp; Utilizarea detectabilit\u0103\u021bii pentru a estima habitatul utilizat de reptile, probabilitatea detec\u021biei acestora, \u0219i num\u0103rul minim de vizite care poate concluziona absen\u021ba unei specii<\/li><\/ul><p><a href=\"https:\/\/milvus.ro\/Hu\/sprijinim-tinerii-cercetatori-prin-bursele-milvus\/\"><strong>Winner projects in 2018:<\/strong><\/a><\/p><ul class=\"wp-block-list\"><li>Slejiuc Ionela Marilena \u2013 Studiul distribu\u021biei speciilor de herpetofaun\u0103 din jude\u021bul Timi\u0219<\/li><li>Alina Georgiana Cislariu \u2013 Studii corologice \u0219i popula\u021bionale ale relictelor glaciare<em>&nbsp;Ligularia sibirica<\/em>&nbsp;\u0219i&nbsp;<em>Ligularia glauca<\/em>&nbsp;\u00een flora Rom\u00e2niei<\/li><li>Kiss Valentin Adrian \u2013 Monitorizarea si protejarea prin popularizarea avifaunei de la C\u00e2mpene\u0219ti<\/li><\/ul><p><a href=\"https:\/\/milvus.ro\/castigatorii-bursei-milvus-2017\/\"><strong>Winner projects in 2017<\/strong><\/a><\/p><ul class=\"wp-block-list\"><li>P\u0103un Georgiana Elena \u2013 Estimarea distribu\u021biei poten\u021biale a viperei de f\u00e2nea\u021b\u0103 (<em>Vipera ursinii rakosiensis<\/em>) \u00een Podi\u0219ul Transilvaniei utiliz\u00e2nd modele de ni\u0219\u0103 ecologic\u0103<\/li><li>C\u00ee\u0219lariu Alina Georgiana \u2013 Evaluarea st\u0103rii de conservare a popula\u021biilor de Ligularia sibirica din Nord-Vestul Rom\u00e2niei<\/li><li>Oana Morozan \u2013 Masuri pentru conservarea in situ a endemitului carpatic \u201cpaiusul lui Porcius\u201d (<em>Saussurea porcii<\/em>) din Rezervartia Biosferei Muntii Rodnei<\/li><li>Borb\u00e9ly Edina \u2013 Mesteac\u0103nul pitic (<em>Betula nana<\/em>) ca relict glaciar \u00een Tinovul Luci<\/li><li>Sotek Alexandru \u2013 Popula\u021biile de&nbsp;<em>Euscorpius carpathicus<\/em>&nbsp;din Rom\u00e2nia: studii integrate de ecologie \u0219i taxonomie molecular\u0103<\/li><li>L\u0151rincz Csan\u00e1d Endre \u2013 Studiul morfologic \u0219i genetic al subspeciilor sop\u00e2rlei de c\u00e2mp (<em>Lacerta agilis<\/em>)<\/li><li>Petronel Spaseni \u2013 \u00cen c\u0103utarea de noi popula\u021bii de&nbsp;<em>Vipera ursinii moldavica<\/em>&nbsp;\u00een Rezerva\u021bia Biosferei Delta Dun\u0103rii<\/li><li>Gy\u00f6rk\u00f6s P\u00e9ter \u2013 Studiul morfologic \u0219i genetic al gu\u0219terului (<em>Lacerta viridis<\/em>)<\/li><li>Fuciu C\u0103t\u0103lin \u2013 Evaluarea \u0219i monitorizarea popula\u021biilor de ciuvic\u0103 (<em>Glaucidium passerinum<\/em>) \u0219i minuni\u021b\u0103 (<em>Aegolius funereus<\/em>) din zona P\u0103ltini\u0219<\/li><li>R\u0102DAC Ioan-Alexandru \u2013 Specii noi de bruchide (Insecta:&nbsp;<em>Coleoptera<\/em>) \u0219i heteroptere (Insecta:&nbsp;<em>Hemiptera<\/em>) alogene \u00een Rom\u00e2nia \u0219i Republica Moldova.<\/li><\/ul><p><strong>Winner projects in 2015<\/strong><\/p><ul class=\"wp-block-list\"><li>Petri\u0219or G\u0103lan \u2013 Identificarea coloniilor de v\u00e2nturel de sear\u0103 (<em>Falco vespertinus<\/em>) din Moldova (Rom\u00e2nia)<\/li><li>P\u0103un Georgiana Elena \u2013 Vipera de step\u0103 \u00een Transilvania: identificarea habitatelor noi folosind tehnici de modelare a ni\u0219ei ecologice<\/li><li>Vitalie Ajder \u2013 Ecologia soimului dunarean (<em>Falco cherrug<\/em>) in Republica Moldova<\/li><li>Kov\u00e1cs Csilla \u2013 Cercetarea habitatelor a coco\u0219ului de munte (<em>Tetrao urogallus rudolfi<\/em>)<\/li><li>Kelemen Alp\u00e1r \u2013 Cercet\u0103ri asupra popula\u021biilor cristelului de c\u00e2mp (<em>Crex crex<\/em>, L. 1758) \u00een Bazinul Ciucului de Jos pentru protejarea popula\u021biei \u0219i habitatelor r\u0103mase<\/li><li>Paul Cristian Dinc\u0103 \u2013 Evaluareapopula\u021biilor \u0219op\u00e2rlei de nisip (<em>Eremias arguta deserti<\/em>) de la Vadu\u0219i Hanu Conachi<\/li><\/ul><p><strong>Winner projects in 2010<\/strong><\/p><ul class=\"wp-block-list\"><li>Imecs Istv\u00e1n \u2013 Study on&nbsp;<em>Misgurnus fossilis<\/em>&nbsp;populations in Ciuc basin and development of an efficient management plan<\/li><li>Kov\u00e1cs Zolt\u00e1n Zsolt \u2013 Estimation on&nbsp;<em>Austropotamobius torrentium<\/em>&nbsp;populations in Valea Mare (Halm\u0103\u0219d) brook<\/li><li>Sug\u00e1r Szil\u00e1rd \u2013 Large scale habitat preferences of&nbsp;<em>Spalax sp.<\/em>&nbsp;on Some\u0219 plateu and Transylvanian plain<\/li><li>Buria Istv\u00e1n \u2013 Estimation on conservation status of the only population of&nbsp;<em>Colias myrmidone<\/em>&nbsp;from Romania<\/li><li>Bolboac\u0103 Lucian Eugen \u2013 Owls from forest habitats in Romania<\/li><li>Acz\u00e9l-Fridrich Zsuzsanna \u2013 Study of distribution and habitat of the Southern Birch Mouse in Transylvania<\/li><\/ul><p><strong>Winner projects in 2007<\/strong><\/p><ul class=\"wp-block-list\"><li>Study on the compozition and distribution of herpetological fauna in Iasi county(Romania) \u2013 Strugariu Alexandru<\/li><li>Updating faunistical data on&nbsp;<em>Syrphidae&nbsp;<\/em>Family and&nbsp;<em>Aranea<\/em>&nbsp;&nbsp;Order from the Iron Gates Natural park&nbsp;(Sirinea river basin) \u2013 Amalia Raluca<\/li><li>Study on Chiropteras in&nbsp;To\u0219orog cave (Neam\u021b county) -Baltag Emanuel<\/li><\/ul><p><strong>Winner projects in 2006<\/strong><\/p><ul class=\"wp-block-list\"><li>Evaluation of Suslik&nbsp;(<em>Spermophilus citellus<\/em>)populations on the Western plain, in order to designate new SCI\u2019s&nbsp;\u2013 Hegyeli Zsolt<\/li><li>Study on the biology and ecology of two population of&nbsp;<em>Bombina genus<\/em>&nbsp;\u2013 Horia Bogdan<\/li><li>Study on predation behaviour of doormouses in an artificial nestbox colony in Gurgiu Mountains \u2013 Mezey Zs\u00f3fia<\/li><li>Study on&nbsp;<em>Euphydryas maturna<\/em>&nbsp;population in Cheile Turzii Nature Reserve in order to work out efficient conservation measures \u2013 Nagy Am\u00e1lia<\/li><li>Herpetological mapping in Brasov county. Initiation of youth interested in herpetological fieldwork. \u2013 Sos Tibor<\/li><\/ul><p><strong>Winner projects in 2005<\/strong><\/p><ul class=\"wp-block-list\"><li>Study on fish fauna of&nbsp;Olt and R\u00e2ul Negru rivers backwaters in Covasna county, with special concearn on rare and endangered stagnophilous species \u2013 Hegyeli Zsolt<\/li><li>Herpetological and ornithological mapping of Ciupercenii Noi area and of&nbsp;Bistre\u021b lake (Dolj County) \u2013 Manci Cosmin Ovidiu<\/li><li>Comparing the fish fauna of&nbsp;Halmasd and Iaz creeks \u2013 Nagy Andr\u00e1s Attila<\/li><li>Study on Kingfisher&nbsp;(<em>Alcedo atthis<\/em>)&nbsp;density on Somes river \u2013 Vinkler Tivadar<\/li><\/ul>","protected":false},"excerpt":{"rendered":"\u201cMilvus Group\u201d Association for Bird Protection and Nature Conservation has been running the Milvus Scholarship Programme for high school, undergraduate and postgraduate students in the field of ecology and\/or nature conservation. The main aim of the programme is to support young professionals in developing individual research or assessment projects in Romania. These projects should be [&hellip;]","protected":false},"author":2,"featured_media":0,"parent":0,"menu_order":0,"comment_status":"closed","ping_status":"closed","template":"","meta":{"_acf_changed":false,"_eb_attr":"","ocean_post_layout":"right-sidebar","ocean_both_sidebars_style":"","ocean_both_sidebars_content_width":0,"ocean_both_sidebars_sidebars_width":0,"ocean_sidebar":"ocs-bursa-milvus","ocean_second_sidebar":"0","ocean_disable_margins":"enable","ocean_add_body_class":"","ocean_shortcode_before_top_bar":"","ocean_shortcode_after_top_bar":"","ocean_shortcode_before_header":"","ocean_shortcode_after_header":"","ocean_has_shortcode":"","ocean_shortcode_after_title":"","ocean_shortcode_before_footer_widgets":"","ocean_shortcode_after_footer_widgets":"","ocean_shortcode_before_footer_bottom":"","ocean_shortcode_after_footer_bottom":"","ocean_display_top_bar":"default","ocean_display_header":"default","ocean_header_style":"","ocean_center_header_left_menu":"0","ocean_custom_header_template":"0","ocean_custom_logo":0,"ocean_custom_retina_logo":0,"ocean_custom_logo_max_width":0,"ocean_custom_logo_tablet_max_width":0,"ocean_custom_logo_mobile_max_width":0,"ocean_custom_logo_max_height":0,"ocean_custom_logo_tablet_max_height":0,"ocean_custom_logo_mobile_max_height":0,"ocean_header_custom_menu":"0","ocean_menu_typo_font_family":"0","ocean_menu_typo_font_subset":"","ocean_menu_typo_font_size":0,"ocean_menu_typo_font_size_tablet":0,"ocean_menu_typo_font_size_mobile":0,"ocean_menu_typo_font_size_unit":"px","ocean_menu_typo_font_weight":"","ocean_menu_typo_font_weight_tablet":"","ocean_menu_typo_font_weight_mobile":"","ocean_menu_typo_transform":"","ocean_menu_typo_transform_tablet":"","ocean_menu_typo_transform_mobile":"","ocean_menu_typo_line_height":0,"ocean_menu_typo_line_height_tablet":0,"ocean_menu_typo_line_height_mobile":0,"ocean_menu_typo_line_height_unit":"","ocean_menu_typo_spacing":0,"ocean_menu_typo_spacing_tablet":0,"ocean_menu_typo_spacing_mobile":0,"ocean_menu_typo_spacing_unit":"","ocean_menu_link_color":"","ocean_menu_link_color_hover":"","ocean_menu_link_color_active":"","ocean_menu_link_background":"","ocean_menu_link_hover_background":"","ocean_menu_link_active_background":"","ocean_menu_social_links_bg":"","ocean_menu_social_hover_links_bg":"","ocean_menu_social_links_color":"","ocean_menu_social_hover_links_color":"","ocean_disable_title":"enable","ocean_disable_heading":"enable","ocean_post_title":"","ocean_post_subheading":"","ocean_post_title_style":"background-image","ocean_post_title_background_color":"","ocean_post_title_background":27655,"ocean_post_title_bg_image_position":"center center","ocean_post_title_bg_image_attachment":"fixed","ocean_post_title_bg_image_repeat":"no-repeat","ocean_post_title_bg_image_size":"","ocean_post_title_height":0,"ocean_post_title_bg_overlay":0.3,"ocean_post_title_bg_overlay_color":"#000000","ocean_disable_breadcrumbs":"default","ocean_breadcrumbs_color":"","ocean_breadcrumbs_separator_color":"","ocean_breadcrumbs_links_color":"","ocean_breadcrumbs_links_hover_color":"","ocean_display_footer_widgets":"default","ocean_display_footer_bottom":"default","ocean_custom_footer_template":"0","omw_enable_modal_window":"enable","osh_disable_topbar_sticky":"default","osh_disable_header_sticky":"default","osh_sticky_header_style":"default","osh_sticky_header_effect":"","osh_custom_sticky_logo":0,"osh_custom_retina_sticky_logo":0,"osh_custom_sticky_logo_height":0,"osh_background_color":"","osh_links_color":"","osh_links_hover_color":"","osh_links_active_color":"","osh_links_bg_color":"","osh_links_hover_bg_color":"","osh_links_active_bg_color":"","osh_menu_social_links_color":"","osh_menu_social_hover_links_color":"","footnotes":""},"class_list":["post-17606","page","type-page","status-publish","hentry","entry","owp-thumbs-layout-horizontal","owp-btn-normal","owp-tabs-layout-horizontal","has-no-thumbnails","has-product-nav"],"acf":[],"_links":{"self":[{"href":"https:\/\/milvus.ro\/en\/wp-json\/wp\/v2\/pages\/17606","targetHints":{"allow":["GET"]}}],"collection":[{"href":"https:\/\/milvus.ro\/en\/wp-json\/wp\/v2\/pages"}],"about":[{"href":"https:\/\/milvus.ro\/en\/wp-json\/wp\/v2\/types\/page"}],"author":[{"embeddable":true,"href":"https:\/\/milvus.ro\/en\/wp-json\/wp\/v2\/users\/2"}],"replies":[{"embeddable":true,"href":"https:\/\/milvus.ro\/en\/wp-json\/wp\/v2\/comments?post=17606"}],"version-history":[{"count":5,"href":"https:\/\/milvus.ro\/en\/wp-json\/wp\/v2\/pages\/17606\/revisions"}],"predecessor-version":[{"id":33294,"href":"https:\/\/milvus.ro\/en\/wp-json\/wp\/v2\/pages\/17606\/revisions\/33294"}],"wp:attachment":[{"href":"https:\/\/milvus.ro\/en\/wp-json\/wp\/v2\/media?parent=17606"}],"curies":[{"name":"wp","href":"https:\/\/api.w.org\/{rel}","templated":true}]}}